{"id":8329,"date":"2022-07-01T16:38:50","date_gmt":"2022-07-01T16:38:50","guid":{"rendered":"http:\/\/businesscorp.srtv.cl\/?page_id=8329"},"modified":"2022-11-21T14:48:25","modified_gmt":"2022-11-21T14:48:25","slug":"quienes-somos","status":"publish","type":"page","link":"https:\/\/businesscorp.cl\/index.php\/quienes-somos\/","title":{"rendered":"Qui\u00e9nes somos"},"content":{"rendered":"<section class=\"l-section wpb_row us_custom_4af741be lineas-de-colores height_custom width_full\"><div class=\"l-section-h i-cf\"><div class=\"g-cols vc_row via_grid cols_4 laptops-cols_inherit tablets-cols_inherit mobiles-cols_1 valign_top type_default stacking_default\" style=\"--gap:;\"><div class=\"wpb_column vc_column_container\"><div class=\"vc_column-overlay\" style=\"background:#f7db07\"><\/div><div class=\"vc_column-inner\"><div class=\"w-separator size_custom\" style=\"height:5px\"><\/div><\/div><\/div><div class=\"wpb_column vc_column_container\"><div class=\"vc_column-overlay\" style=\"background:#e46825\"><\/div><div class=\"vc_column-inner\"><div class=\"w-separator size_custom\" style=\"height:5px\"><\/div><\/div><\/div><div class=\"wpb_column vc_column_container\"><div class=\"vc_column-overlay\" style=\"background:#814d96\"><\/div><div class=\"vc_column-inner\"><div class=\"w-separator size_custom\" style=\"height:5px\"><\/div><\/div><\/div><div class=\"wpb_column vc_column_container\"><div class=\"vc_column-overlay\" style=\"background:#0da4ca\"><\/div><div class=\"vc_column-inner\"><div class=\"w-separator size_custom\" style=\"height:5px\"><\/div><\/div><\/div><\/div><\/div><\/section><section class=\"l-section wpb_row us_custom_edddf27a height_custom color_primary with_img with_shape\"><div class=\"l-section-img\" role=\"img\" data-img-width=\"1400\" data-img-height=\"620\" style=\"background-image: url(https:\/\/businesscorp.cl\/wp-content\/uploads\/2016\/12\/banner-home-parte-baja.jpg);\"><\/div><div class=\"l-section-overlay\" style=\"background:rgba(0,0,0,0.40)\"><\/div><div class=\"l-section-shape type_tilt pos_bottom\" style=\"height:15vmin;color:#f6f6f6\"><svg xmlns=\"http:\/\/www.w3.org\/2000\/svg\" viewBox=\"0 0 64 8\" preserveAspectRatio=\"none\" width=\"100%\" height=\"100%\">\r\n\t<path fill=\"currentColor\" d=\"M64 7.9 L64 10 L0 10 L0 0 Z\"\/>\r\n<\/svg><\/div><div class=\"l-section-h i-cf\"><div class=\"g-cols vc_row via_grid cols_1 laptops-cols_inherit tablets-cols_inherit mobiles-cols_1 valign_top type_default stacking_default\"><div class=\"wpb_column vc_column_container\"><div class=\"vc_column-inner\"><div class=\"w-separator size_large\"><\/div><div class=\"w-separator size_large\"><\/div><div class=\"g-cols wpb_row via_grid cols_2 laptops-cols_inherit tablets-cols_inherit mobiles-cols_1 valign_top type_default stacking_default\" style=\"--gap:3rem;\"><div class=\"wpb_column vc_column_container us_custom_ffee2a3e\"><div class=\"vc_column-inner\"><div class=\"wpb_text_column\"><div class=\"wpb_wrapper\"><h4>Business Corp<\/h4>\n<\/div><\/div><div class=\"wpb_text_column\"><div class=\"wpb_wrapper\"><h2><strong>QUIENES SOMOS<\/strong><\/h2>\n<\/div><\/div><div class=\"w-separator size_custom\" style=\"height:10px\"><\/div><\/div><\/div><div class=\"wpb_column vc_column_container\"><div class=\"vc_column-inner\"><\/div><\/div><\/div><div class=\"w-separator size_large\"><\/div><div class=\"w-separator size_huge\"><\/div><\/div><\/div><\/div><\/div><\/section><section class=\"l-section wpb_row us_custom_33a5068c height_custom\"><div class=\"l-section-h i-cf\"><div class=\"g-cols vc_row via_grid cols_1 laptops-cols_inherit tablets-cols_inherit mobiles-cols_1 valign_top type_default stacking_default\"><div class=\"wpb_column vc_column_container\"><div class=\"vc_column-inner\"><div class=\"g-cols wpb_row us_custom_f9dc0060 via_grid cols_3 laptops-cols_inherit tablets-cols_inherit mobiles-cols_1 valign_top type_default stacking_default\" style=\"--gap:1rem;\"><div class=\"wpb_column vc_column_container us_custom_d8c0bc7f\"><div class=\"vc_column-overlay\" style=\"background:#ffffff\"><\/div><div class=\"vc_column-inner\"><div class=\"w-image style_circle align_center\"><div class=\"w-image-h\"><img decoding=\"async\" width=\"100\" height=\"100\" src=\"https:\/\/businesscorp.cl\/wp-content\/uploads\/2022\/07\/informacion-confiable-100x100.png\" class=\"attachment-thumbnail size-thumbnail\" alt=\"\" loading=\"lazy\" srcset=\"https:\/\/businesscorp.cl\/wp-content\/uploads\/2022\/07\/informacion-confiable-100x100.png 100w, https:\/\/businesscorp.cl\/wp-content\/uploads\/2022\/07\/informacion-confiable-300x300.png 300w, https:\/\/businesscorp.cl\/wp-content\/uploads\/2022\/07\/informacion-confiable-150x150.png 150w, https:\/\/businesscorp.cl\/wp-content\/uploads\/2022\/07\/informacion-confiable.png 400w\" sizes=\"auto, (max-width: 100px) 100vw, 100px\" \/><\/div><\/div><div class=\"w-separator size_small\"><\/div><div class=\"wpb_text_column us_custom_f967ca40 has_text_color\"><div class=\"wpb_wrapper\"><h4>Informaci\u00f3n Confiable<\/h4>\n<p>Con Business ERP, cada transacci\u00f3n ingresada es compartida por lo dem\u00e1s usuarios, la informaci\u00f3n se digita una vez, lo que evita errores de digitaci\u00f3n y permite que su empresa cuente con informaci\u00f3n confiable y oportuna para tomar decisiones.<\/p>\n<\/div><\/div><\/div><\/div><div class=\"wpb_column vc_column_container us_custom_3cd6042a\"><div class=\"vc_column-overlay\" style=\"background:#ffffff\"><\/div><div class=\"vc_column-inner\"><div class=\"w-image style_circle align_center\"><div class=\"w-image-h\"><img decoding=\"async\" width=\"100\" height=\"100\" src=\"https:\/\/businesscorp.cl\/wp-content\/uploads\/2022\/07\/mejores-practicas-100x100.png\" class=\"attachment-thumbnail size-thumbnail\" alt=\"\" loading=\"lazy\" srcset=\"https:\/\/businesscorp.cl\/wp-content\/uploads\/2022\/07\/mejores-practicas-100x100.png 100w, https:\/\/businesscorp.cl\/wp-content\/uploads\/2022\/07\/mejores-practicas-300x300.png 300w, https:\/\/businesscorp.cl\/wp-content\/uploads\/2022\/07\/mejores-practicas-150x150.png 150w, https:\/\/businesscorp.cl\/wp-content\/uploads\/2022\/07\/mejores-practicas.png 400w\" sizes=\"auto, (max-width: 100px) 100vw, 100px\" \/><\/div><\/div><div class=\"w-separator size_small\"><\/div><div class=\"wpb_text_column us_custom_f967ca40 has_text_color\"><div class=\"wpb_wrapper\"><h4>Mejores Pr\u00e1cticas<\/h4>\n<p>Nuestra experiencia en cientos de empresas implementando Business ERP, permite que su empresa incorpore las mejores practicas de negocios adaptadas a su realidad de negocio, promoviendo la eficiencia, el control y el aumento del valor de su empresa.<\/p>\n<\/div><\/div><\/div><\/div><div class=\"wpb_column vc_column_container us_custom_9647f035\"><div class=\"vc_column-overlay\" style=\"background:#ffffff\"><\/div><div class=\"vc_column-inner\"><div class=\"w-image style_circle align_center\"><div class=\"w-image-h\"><img decoding=\"async\" width=\"100\" height=\"100\" src=\"https:\/\/businesscorp.cl\/wp-content\/uploads\/2022\/07\/mejores-practicas-100x100.png\" class=\"attachment-thumbnail size-thumbnail\" alt=\"\" loading=\"lazy\" srcset=\"https:\/\/businesscorp.cl\/wp-content\/uploads\/2022\/07\/mejores-practicas-100x100.png 100w, https:\/\/businesscorp.cl\/wp-content\/uploads\/2022\/07\/mejores-practicas-300x300.png 300w, https:\/\/businesscorp.cl\/wp-content\/uploads\/2022\/07\/mejores-practicas-150x150.png 150w, https:\/\/businesscorp.cl\/wp-content\/uploads\/2022\/07\/mejores-practicas.png 400w\" sizes=\"auto, (max-width: 100px) 100vw, 100px\" \/><\/div><\/div><div class=\"w-separator size_small\"><\/div><div class=\"wpb_text_column us_custom_f967ca40 has_text_color\"><div class=\"wpb_wrapper\"><h4>Promover la Eficiencia<\/h4>\n<p>Con Business ERP usted optimiza su gesti\u00f3n de compras, optimiza la gesti\u00f3n de inventarios, mejora su gesti\u00f3n de ventas, mejora la relaci\u00f3n con sus clientes, promoviendo la eficiencia en cada proceso de la empresa, y controlando los KPI de su organizaci\u00f3n.<\/p>\n<\/div><\/div><\/div><\/div><\/div><\/div><\/div><\/div><\/div><\/section><section class=\"l-section wpb_row us_custom_33a5068c height_custom\"><div class=\"l-section-h i-cf\"><div class=\"g-cols vc_row via_grid cols_2 laptops-cols_inherit tablets-cols_inherit mobiles-cols_1 valign_top type_default stacking_default\"><div class=\"wpb_column vc_column_container\"><div class=\"vc_column-inner\"><div class=\"w-image align_center\"><div class=\"w-image-h\"><img decoding=\"async\" width=\"721\" height=\"443\" src=\"https:\/\/businesscorp.cl\/wp-content\/uploads\/2022\/07\/sobre-nosotros.jpg\" class=\"attachment-full size-full\" alt=\"\" loading=\"lazy\" srcset=\"https:\/\/businesscorp.cl\/wp-content\/uploads\/2022\/07\/sobre-nosotros.jpg 721w, https:\/\/businesscorp.cl\/wp-content\/uploads\/2022\/07\/sobre-nosotros-500x307.jpg 500w, https:\/\/businesscorp.cl\/wp-content\/uploads\/2022\/07\/sobre-nosotros-600x369.jpg 600w\" sizes=\"auto, (max-width: 721px) 100vw, 721px\" \/><\/div><\/div><\/div><\/div><div class=\"wpb_column vc_column_container\"><div class=\"vc_column-inner\"><div class=\"w-separator size_small\"><\/div><div class=\"wpb_text_column\"><div class=\"wpb_wrapper\"><h2>Sobre Nosotros<\/h2>\n<p>Somos una empresa que ofrece el software Business ERP y servicios BPO (Contabilidad, Auditoria, remuneraciones, tributaria, Directorio) desde el a\u00f1o 2007. Entregando a nuestros clientes, a trav\u00e9s de los servicios descritos, informaci\u00f3n oportuna y confiable que les permite tomar decisiones informadas, mejorando los resultados de su negocio de manera continua.<\/p>\n<\/div><\/div><div class=\"w-separator size_small\"><\/div><div class=\"w-btn-wrapper align_none\"><a class=\"w-btn us-btn-style_26 icon_atright\" title=\"Contacto\" href=\"\/index.php\/contacto\/\"><span class=\"w-btn-label\">Cont\u00e1ctenos<\/span><i class=\"fas fa-arrow-right\"><\/i><\/a><\/div><\/div><\/div><\/div><\/div><\/section>\n","protected":false},"excerpt":{"rendered":"Business Corp QUIENES SOMOS Informaci\u00f3n Confiable Con Business ERP, cada transacci\u00f3n ingresada es compartida por lo dem\u00e1s usuarios, la informaci\u00f3n se digita una vez, lo que evita errores de digitaci\u00f3n y permite que su empresa cuente con informaci\u00f3n confiable y oportuna para tomar decisiones. Mejores Pr\u00e1cticas Nuestra experiencia en cientos de empresas implementando Business ERP,...","protected":false},"author":1,"featured_media":0,"parent":0,"menu_order":0,"comment_status":"closed","ping_status":"closed","template":"","meta":{"_acf_changed":false,"om_disable_all_campaigns":false,"_monsterinsights_skip_tracking":false,"_monsterinsights_sitenote_active":false,"_monsterinsights_sitenote_note":"","_monsterinsights_sitenote_category":0,"footnotes":""},"class_list":["post-8329","page","type-page","status-publish","hentry"],"acf":[],"aioseo_notices":[],"_links":{"self":[{"href":"https:\/\/businesscorp.cl\/index.php\/wp-json\/wp\/v2\/pages\/8329","targetHints":{"allow":["GET"]}}],"collection":[{"href":"https:\/\/businesscorp.cl\/index.php\/wp-json\/wp\/v2\/pages"}],"about":[{"href":"https:\/\/businesscorp.cl\/index.php\/wp-json\/wp\/v2\/types\/page"}],"author":[{"embeddable":true,"href":"https:\/\/businesscorp.cl\/index.php\/wp-json\/wp\/v2\/users\/1"}],"replies":[{"embeddable":true,"href":"https:\/\/businesscorp.cl\/index.php\/wp-json\/wp\/v2\/comments?post=8329"}],"version-history":[{"count":17,"href":"https:\/\/businesscorp.cl\/index.php\/wp-json\/wp\/v2\/pages\/8329\/revisions"}],"predecessor-version":[{"id":8420,"href":"https:\/\/businesscorp.cl\/index.php\/wp-json\/wp\/v2\/pages\/8329\/revisions\/8420"}],"wp:attachment":[{"href":"https:\/\/businesscorp.cl\/index.php\/wp-json\/wp\/v2\/media?parent=8329"}],"curies":[{"name":"wp","href":"https:\/\/api.w.org\/{rel}","templated":true}]}}