{"id":8211,"date":"2022-06-15T19:17:33","date_gmt":"2022-06-15T19:17:33","guid":{"rendered":"http:\/\/seguroyconfiable.srtv.cl\/?page_id=8211"},"modified":"2022-07-01T21:16:50","modified_gmt":"2022-07-01T21:16:50","slug":"contacto","status":"publish","type":"page","link":"https:\/\/businesscorp.cl\/index.php\/contacto\/","title":{"rendered":"Contacto"},"content":{"rendered":"<section class=\"l-section wpb_row us_custom_4af741be lineas-de-colores height_custom width_full\"><div class=\"l-section-h i-cf\"><div class=\"g-cols vc_row via_grid cols_4 laptops-cols_inherit tablets-cols_inherit mobiles-cols_1 valign_top type_default stacking_default\" style=\"--gap:;\"><div class=\"wpb_column vc_column_container\"><div class=\"vc_column-overlay\" style=\"background:#f7db07\"><\/div><div class=\"vc_column-inner\"><div class=\"w-separator size_custom\" style=\"height:5px\"><\/div><\/div><\/div><div class=\"wpb_column vc_column_container\"><div class=\"vc_column-overlay\" style=\"background:#e46825\"><\/div><div class=\"vc_column-inner\"><div class=\"w-separator size_custom\" style=\"height:5px\"><\/div><\/div><\/div><div class=\"wpb_column vc_column_container\"><div class=\"vc_column-overlay\" style=\"background:#814d96\"><\/div><div class=\"vc_column-inner\"><div class=\"w-separator size_custom\" style=\"height:5px\"><\/div><\/div><\/div><div class=\"wpb_column vc_column_container\"><div class=\"vc_column-overlay\" style=\"background:#0da4ca\"><\/div><div class=\"vc_column-inner\"><div class=\"w-separator size_custom\" style=\"height:5px\"><\/div><\/div><\/div><\/div><\/div><\/section><section class=\"l-section wpb_row us_custom_edddf27a height_custom color_primary with_img with_shape\"><div class=\"l-section-img\" role=\"img\" data-img-width=\"1400\" data-img-height=\"824\" style=\"background-image: url(https:\/\/businesscorp.cl\/wp-content\/uploads\/2022\/07\/cabecera-contacto.jpg);\"><\/div><div class=\"l-section-overlay\" style=\"background:rgba(0,0,0,0.40)\"><\/div><div class=\"l-section-shape type_tilt pos_bottom\" style=\"height:15vmin;color:#f6f6f6\"><svg xmlns=\"http:\/\/www.w3.org\/2000\/svg\" viewBox=\"0 0 64 8\" preserveAspectRatio=\"none\" width=\"100%\" height=\"100%\">\r\n\t<path fill=\"currentColor\" d=\"M64 7.9 L64 10 L0 10 L0 0 Z\"\/>\r\n<\/svg><\/div><div class=\"l-section-h i-cf\"><div class=\"g-cols vc_row via_grid cols_1 laptops-cols_inherit tablets-cols_inherit mobiles-cols_1 valign_top type_default stacking_default\"><div class=\"wpb_column vc_column_container\"><div class=\"vc_column-inner\"><div class=\"w-separator size_large\"><\/div><div class=\"w-separator size_large\"><\/div><div class=\"g-cols wpb_row via_grid cols_2 laptops-cols_inherit tablets-cols_inherit mobiles-cols_1 valign_top type_default stacking_default\" style=\"--gap:3rem;\"><div class=\"wpb_column vc_column_container us_custom_ffee2a3e\"><div class=\"vc_column-inner\"><div class=\"wpb_text_column\"><div class=\"wpb_wrapper\"><h4>\u00bfTienes dudas?<\/h4>\n<\/div><\/div><div class=\"wpb_text_column\"><div class=\"wpb_wrapper\"><h2><strong>CONTACTENOS AHORA<\/strong><\/h2>\n<\/div><\/div><div class=\"w-separator size_custom\" style=\"height:10px\"><\/div><\/div><\/div><div class=\"wpb_column vc_column_container\"><div class=\"vc_column-inner\"><\/div><\/div><\/div><div class=\"w-separator size_large\"><\/div><div class=\"w-separator size_huge\"><\/div><\/div><\/div><\/div><\/div><\/section><section class=\"l-section wpb_row us_custom_3ae0fb4d height_custom\"><div class=\"l-section-h i-cf\"><div class=\"g-cols vc_row via_grid cols_1 laptops-cols_inherit tablets-cols_inherit mobiles-cols_1 valign_top type_default stacking_default\"><div class=\"wpb_column vc_column_container\"><div class=\"vc_column-inner\"><div class=\"g-cols wpb_row us_custom_f9dc0060 via_grid cols_4 laptops-cols_inherit tablets-cols_inherit mobiles-cols_1 valign_top type_default stacking_default\" style=\"--gap:1rem;\"><div class=\"wpb_column vc_column_container us_custom_2c4f4a12\"><div class=\"vc_column-overlay\" style=\"background:#ffffff\"><\/div><div class=\"vc_column-inner\"><div class=\"w-iconbox us_custom_ae99f6aa has_text_color iconpos_top style_circle color_custom align_center\"><div class=\"w-iconbox-icon\" style=\"font-size:3rem;--icon-color:#ffffff;--icon-bg-color:#f7db07;\"><i class=\"fas fa-phone-alt\"><\/i><\/div><div class=\"w-iconbox-meta\"><h4 class=\"w-iconbox-title\">Tel\u00e9fono<\/h4><div class=\"w-iconbox-text\"><p><a style=\"color: #1a1a1a;\" href=\"tel:+56982994944\">+56982994944<\/a><\/p>\n<\/div><\/div><\/div><\/div><\/div><div class=\"wpb_column vc_column_container us_custom_2c4f4a12\"><div class=\"vc_column-overlay\" style=\"background:#ffffff\"><\/div><div class=\"vc_column-inner\"><div class=\"w-iconbox us_custom_ae99f6aa has_text_color iconpos_top style_circle color_custom align_center\"><div class=\"w-iconbox-icon\" style=\"font-size:3rem;--icon-color:#ffffff;--icon-bg-color:#e46825;\"><i class=\"fab fa-whatsapp\"><\/i><\/div><div class=\"w-iconbox-meta\"><h4 class=\"w-iconbox-title\">Whatsapp<\/h4><div class=\"w-iconbox-text\"><p><a style=\"color: #1a1a1a;\" href=\"https:\/\/api.whatsapp.com\/send?phone=56982994944\" target=\"_blank\" rel=\"noopener\">+56982994944<\/a><\/p>\n<\/div><\/div><\/div><\/div><\/div><div class=\"wpb_column vc_column_container us_custom_2c4f4a12\"><div class=\"vc_column-overlay\" style=\"background:#ffffff\"><\/div><div class=\"vc_column-inner\"><div class=\"w-iconbox us_custom_ae99f6aa has_text_color iconpos_top style_circle color_custom align_center\"><div class=\"w-iconbox-icon\" style=\"font-size:3rem;--icon-color:#ffffff;--icon-bg-color:#814d96;\"><i class=\"fas fa-envelope\"><\/i><\/div><div class=\"w-iconbox-meta\"><h4 class=\"w-iconbox-title\">Email<\/h4><div class=\"w-iconbox-text\"><p><a style=\"color: #1a1a1a;\" href=\"mailto:ivega@snchile.cl\">ivega@snchile.cl<\/a><\/p>\n<\/div><\/div><\/div><\/div><\/div><div class=\"wpb_column vc_column_container us_custom_2c4f4a12\"><div class=\"vc_column-overlay\" style=\"background:#ffffff\"><\/div><div class=\"vc_column-inner\"><div class=\"w-iconbox us_custom_5ca62476 has_text_color iconpos_top style_circle color_custom align_center\"><div class=\"w-iconbox-icon\" style=\"font-size:3rem;--icon-color:#ffffff;--icon-bg-color:#0da4ca;\"><i class=\"fas fa-map-marker-alt\"><\/i><\/div><div class=\"w-iconbox-meta\"><h4 class=\"w-iconbox-title\">Direcci\u00f3n<\/h4><div class=\"w-iconbox-text\"><p>Los Conquistadores 1700. Piso 25 B. Providencia, Santiago.<\/p>\n<\/div><\/div><\/div><\/div><\/div><\/div><\/div><\/div><\/div><\/div><\/section><section class=\"l-section wpb_row us_custom_edddf27a height_custom\"><div class=\"l-section-h i-cf\"><div class=\"g-cols vc_row via_grid cols_1 laptops-cols_inherit tablets-cols_inherit mobiles-cols_1 valign_top type_default stacking_default\"><div class=\"wpb_column vc_column_container\"><div class=\"vc_column-inner\"><div class=\"g-cols wpb_row via_grid cols_1-4-1 laptops-cols_inherit tablets-cols_inherit mobiles-cols_1 valign_top type_default stacking_default\" style=\"--gap:;\"><div class=\"wpb_column vc_column_container\"><div class=\"vc_column-inner\"><\/div><\/div><div class=\"wpb_column vc_column_container us_custom_004e4fc6\"><div class=\"vc_column-overlay\" style=\"background:#ffffff\"><\/div><div class=\"vc_column-inner\"><div class=\"wpb_text_column us_custom_2feb372b\"><div class=\"wpb_wrapper\"><h3 style=\"color: #000;\">ESCR\u00cdBENOS<\/h3>\n<p>Porque este 2021 queremos mantenernos en contacto contigo, Ll\u00e1manos o Escr\u00edbenos.<\/p>\n<\/div><\/div><div class=\"w-separator size_small\"><\/div>[vc_raw_html]JTVCY29udGFjdC1mb3JtLTclMjBpZCUzRCUyMjEzJTIyJTIwdGl0bGUlM0QlMjJGb3JtdWxhcmlvJTIwZGUlMjBjb250YWN0byUyMiU1RA==[\/vc_raw_html]<\/div><\/div><div class=\"wpb_column vc_column_container\"><div class=\"vc_column-inner\"><\/div><\/div><\/div><\/div><\/div><\/div><\/div><\/section><section class=\"l-section wpb_row us_custom_4af741be height_custom width_full\"><div class=\"l-section-h i-cf\"><div class=\"g-cols vc_row via_grid cols_1 laptops-cols_inherit tablets-cols_inherit mobiles-cols_1 valign_top type_default stacking_default\"><div class=\"wpb_column vc_column_container\"><div class=\"vc_column-inner\"><div class=\"w-html us_custom_114a057e\"><iframe src=\"https:\/\/www.google.com\/maps\/embed?pb=!1m14!1m8!1m3!1d25144.382943561945!2d-70.63380692100316!3d-33.42472584463328!3m2!1i1024!2i768!4f13.1!3m3!1m2!1s0x9662c58a7019e5a7%3A0x53b1ba43f4ad40d3!2sLos%20Conquistadores%201700%2C%20Providencia%2C%20Regi%C3%B3n%20Metropolitana%2C%20Chile!5e0!3m2!1sen!2sus!4v1656692896419!5m2!1sen!2sus\" width=\"100%\" height=\"300\" style=\"border:0;\" allowfullscreen=\"\" loading=\"lazy\" referrerpolicy=\"no-referrer-when-downgrade\"><\/iframe><\/div><\/div><\/div><\/div><\/div><\/section>\n","protected":false},"excerpt":{"rendered":"\u00bfTienes dudas? CONTACTENOS AHORA Tel\u00e9fono+56982994944 Whatsapp+56982994944 Emailivega@snchile.cl Direcci\u00f3nLos Conquistadores 1700. Piso 25 B. Providencia, Santiago. ESCR\u00cdBENOS Porque este 2021 queremos mantenernos en contacto contigo, Ll\u00e1manos o Escr\u00edbenos. [vc_raw_html]JTVCY29udGFjdC1mb3JtLTclMjBpZCUzRCUyMjEzJTIyJTIwdGl0bGUlM0QlMjJGb3JtdWxhcmlvJTIwZGUlMjBjb250YWN0byUyMiU1RA==[\/vc_raw_html]","protected":false},"author":1,"featured_media":0,"parent":0,"menu_order":0,"comment_status":"closed","ping_status":"closed","template":"","meta":{"_acf_changed":false,"om_disable_all_campaigns":false,"_monsterinsights_skip_tracking":false,"_monsterinsights_sitenote_active":false,"_monsterinsights_sitenote_note":"","_monsterinsights_sitenote_category":0,"footnotes":""},"class_list":["post-8211","page","type-page","status-publish","hentry"],"acf":[],"aioseo_notices":[],"_links":{"self":[{"href":"https:\/\/businesscorp.cl\/index.php\/wp-json\/wp\/v2\/pages\/8211","targetHints":{"allow":["GET"]}}],"collection":[{"href":"https:\/\/businesscorp.cl\/index.php\/wp-json\/wp\/v2\/pages"}],"about":[{"href":"https:\/\/businesscorp.cl\/index.php\/wp-json\/wp\/v2\/types\/page"}],"author":[{"embeddable":true,"href":"https:\/\/businesscorp.cl\/index.php\/wp-json\/wp\/v2\/users\/1"}],"replies":[{"embeddable":true,"href":"https:\/\/businesscorp.cl\/index.php\/wp-json\/wp\/v2\/comments?post=8211"}],"version-history":[{"count":25,"href":"https:\/\/businesscorp.cl\/index.php\/wp-json\/wp\/v2\/pages\/8211\/revisions"}],"predecessor-version":[{"id":8398,"href":"https:\/\/businesscorp.cl\/index.php\/wp-json\/wp\/v2\/pages\/8211\/revisions\/8398"}],"wp:attachment":[{"href":"https:\/\/businesscorp.cl\/index.php\/wp-json\/wp\/v2\/media?parent=8211"}],"curies":[{"name":"wp","href":"https:\/\/api.w.org\/{rel}","templated":true}]}}