{"id":8057,"date":"2022-05-05T16:43:12","date_gmt":"2022-05-05T16:43:12","guid":{"rendered":"http:\/\/seguroyconfiable.srtv.cl\/?page_id=8057"},"modified":"2022-05-05T22:26:46","modified_gmt":"2022-05-05T22:26:46","slug":"misotrol-en-regiones","status":"publish","type":"page","link":"https:\/\/businesscorp.cl\/index.php\/misotrol-en-regiones\/","title":{"rendered":"Misotrol en Regiones"},"content":{"rendered":"<section class=\"l-section wpb_row margenes height_custom\"><div class=\"l-section-h i-cf\"><div class=\"g-cols vc_row via_grid cols_3 laptops-cols_inherit tablets-cols_inherit mobiles-cols_1 valign_top type_default stacking_default\"><div class=\"wpb_column vc_column_container\"><div class=\"vc_column-inner\"><div class=\"wpb_text_column\"><div class=\"wpb_wrapper\"><div class=\"elementor-element elementor-element-596bc09 elementor-widget elementor-widget-heading\" data-id=\"596bc09\" data-element_type=\"widget\" data-widget_type=\"heading.default\">\n<div class=\"elementor-widget-container\">\n<h2 class=\"elementor-heading-title elementor-size-default\" style=\"color: #009bf0;\">ZONA NORTE<\/h2>\n<\/div>\n<\/div>\n<div class=\"elementor-element elementor-element-c6f4846 elementor-widget elementor-widget-text-editor\" data-id=\"c6f4846\" data-element_type=\"widget\" data-widget_type=\"text-editor.default\">\n<div class=\"elementor-widget-container\">\n<div class=\"elementor-text-editor elementor-clearfix\">\n<nav class=\"menu-zona-norte-container\" aria-label=\"Zona Norte\">\n<ul class=\"menu\">\n<li id=\"menu-item-489\" class=\"menu-item menu-item-type-post_type menu-item-object-page menu-item-489\"><a class=\"menu-link\" href=\"\/index.php\/misotrol-iquique\/\">Misotrol Iquique<\/a><\/li>\n<li id=\"menu-item-487\" class=\"menu-item menu-item-type-post_type menu-item-object-page menu-item-487\"><a class=\"menu-link\" href=\"\/index.php\/misotrol-antofagasta\/\">Misotrol Antofagasta<\/a><\/li>\n<li id=\"menu-item-488\" class=\"menu-item menu-item-type-post_type menu-item-object-page menu-item-488\"><a class=\"menu-link\" href=\"\/index.php\/misotrol-calama\/\">Misotrol Calama<\/a><\/li>\n<li id=\"menu-item-486\" class=\"menu-item menu-item-type-post_type menu-item-object-page menu-item-486\"><a class=\"menu-link\" href=\"\/index.php\/misotrol-copiapo\/\">Misotrol Copiap\u00f3<\/a><\/li>\n<li id=\"menu-item-484\" class=\"menu-item menu-item-type-post_type menu-item-object-page menu-item-484\"><a class=\"menu-link\" href=\"\/index.php\/misotrol-la-serena\/\">Misotrol La Serena<\/a><\/li>\n<\/ul>\n<\/nav>\n<\/div>\n<\/div>\n<\/div>\n<\/div><\/div><\/div><\/div><div class=\"wpb_column vc_column_container\"><div class=\"vc_column-inner\"><div class=\"wpb_text_column\"><div class=\"wpb_wrapper\"><div class=\"elementor-element elementor-element-4ab0bf0 elementor-widget elementor-widget-heading\" data-id=\"4ab0bf0\" data-element_type=\"widget\" data-widget_type=\"heading.default\">\n<div class=\"elementor-widget-container\">\n<h2 class=\"elementor-heading-title elementor-size-default\" style=\"color: #009bf0;\">ZONA CENTRO<\/h2>\n<\/div>\n<\/div>\n<div class=\"elementor-element elementor-element-c26fb37 elementor-widget elementor-widget-text-editor\" data-id=\"c26fb37\" data-element_type=\"widget\" data-widget_type=\"text-editor.default\">\n<div class=\"elementor-widget-container\">\n<div class=\"elementor-text-editor elementor-clearfix\">\n<nav class=\"menu-zona-centro-container\" aria-label=\"Zona Centro\">\n<ul id=\"menu-zona-centro\" class=\"menu\">\n<li id=\"menu-item-491\" class=\"menu-item menu-item-type-post_type menu-item-object-page menu-item-491\"><a class=\"menu-link\" href=\"\/index.php\/misotrol-santiago\/\">Misotrol Santiago<\/a>\n<ul>\n<li><a href=\"\/index.php\/misotrol-las\">Misotrol Las Condes<\/a><\/li>\n<li><a href=\"\/index.php\/misotrol-providencia\">Misotrol Providencia<\/a><\/li>\n<li><a href=\"\/index.php\/misotrol-vitacura\">Misotrol Vitacura<\/a><\/li>\n<li><a href=\"\/index.php\/misotrol-nunoa\">Misotrol \u00d1u\u00f1oa<\/a><\/li>\n<li><a href=\"\/index.php\/misotrol-san-miguel\">Misotrol San Miguel<\/a><\/li>\n<\/ul>\n<\/li>\n<li id=\"menu-item-522\" class=\"menu-item menu-item-type-post_type menu-item-object-page menu-item-522\"><a class=\"menu-link\" href=\"\/index.php\/misotrol-valparaiso\/\">Misotrol Valpara\u00edso<\/a><\/li>\n<li id=\"menu-item-517\" class=\"menu-item menu-item-type-post_type menu-item-object-page menu-item-517\"><a class=\"menu-link\" href=\"\/index.php\/misotrol-vina-del-mar\/\">Misotrol Vi\u00f1a del Mar<\/a><\/li>\n<li id=\"menu-item-513\" class=\"menu-item menu-item-type-post_type menu-item-object-page menu-item-513\"><a class=\"menu-link\" href=\"\/index.php\/misotrol-isla-de-pascua\/\">Misotrol Isla de Pascua<\/a><\/li>\n<li id=\"menu-item-519\" class=\"menu-item menu-item-type-post_type menu-item-object-page menu-item-519\"><a class=\"menu-link\" href=\"\/index.php\/misotrol-los-andes\/\">Misotrol Los Andes<\/a><\/li>\n<li id=\"menu-item-521\" class=\"menu-item menu-item-type-post_type menu-item-object-page menu-item-521\"><a class=\"menu-link\" href=\"\/index.php\/misotrol-villa-alemana\/\">Misotrol Villa Alemana<\/a><\/li>\n<li id=\"menu-item-516\" class=\"menu-item menu-item-type-post_type menu-item-object-page menu-item-516\"><a class=\"menu-link\" href=\"\/index.php\/misotrol-quilpue\/\">Misotrol Quilpue<\/a><\/li>\n<li id=\"menu-item-515\" class=\"menu-item menu-item-type-post_type menu-item-object-page menu-item-515\"><a class=\"menu-link\" href=\"\/index.php\/misotrol-limache\/\">Misotrol Limache<\/a><\/li>\n<li id=\"menu-item-514\" class=\"menu-item menu-item-type-post_type menu-item-object-page menu-item-514\"><a class=\"menu-link\" href=\"\/index.php\/misotrol-san-felipe\/\">Misotrol San Felipe<\/a><\/li>\n<li id=\"menu-item-513\" class=\"menu-item menu-item-type-post_type menu-item-object-page menu-item-513\"><a class=\"menu-link\" href=\"\/index.php\/misotrol-san-antonio\/\">Misotrol San Antonio<\/a><\/li>\n<li id=\"menu-item-520\" class=\"menu-item menu-item-type-post_type menu-item-object-page menu-item-520\"><a class=\"menu-link\" href=\"\/index.php\/misotrol-quillota\/\">Misotrol Quillota<\/a><\/li>\n<li id=\"menu-item-513\" class=\"menu-item menu-item-type-post_type menu-item-object-page menu-item-513\"><a class=\"menu-link\" href=\"\/index.php\/misotrol-la-calera\/\">Misotrol La Calera<\/a><\/li>\n<li id=\"menu-item-513\" class=\"menu-item menu-item-type-post_type menu-item-object-page menu-item-513\"><a class=\"menu-link\" href=\"\/index.php\/misotrol-concon\">Misotrol Conc\u00f3n<\/a><\/li>\n<li id=\"menu-item-490\" class=\"menu-item menu-item-type-post_type menu-item-object-page menu-item-490\"><a class=\"menu-link\" href=\"\/index.php\/misotrol-rancagua\/\">Misotrol Rancagua<\/a><\/li>\n<li id=\"menu-item-490\" class=\"menu-item menu-item-type-post_type menu-item-object-page menu-item-490\"><a class=\"menu-link\" href=\"\/index.php\/misotrol-talca\/\">Misotrol Talca<\/a><\/li>\n<li id=\"menu-item-490\" class=\"menu-item menu-item-type-post_type menu-item-object-page menu-item-490\"><a class=\"menu-link\" href=\"\/index.php\/misotrol-curico\/\">Misotrol Curic\u00f3<\/a><\/li>\n<\/ul>\n<\/nav>\n<\/div>\n<\/div>\n<\/div>\n<\/div><\/div><\/div><\/div><div class=\"wpb_column vc_column_container\"><div class=\"vc_column-inner\"><div class=\"wpb_text_column\"><div class=\"wpb_wrapper\"><div class=\"elementor-element elementor-element-4ab0bf0 elementor-widget elementor-widget-heading\" data-id=\"4ab0bf0\" data-element_type=\"widget\" data-widget_type=\"heading.default\">\n<div class=\"elementor-widget-container\">\n<h2 class=\"elementor-heading-title elementor-size-default\" style=\"color: #009bf0;\">ZONA SUR<\/h2>\n<\/div>\n<\/div>\n<div class=\"elementor-element elementor-element-f18ad90 elementor-widget elementor-widget-text-editor\" data-id=\"f18ad90\" data-element_type=\"widget\" data-widget_type=\"text-editor.default\">\n<div class=\"elementor-widget-container\">\n<div class=\"elementor-text-editor elementor-clearfix\">\n<nav class=\"menu-zona-sur-container\" aria-label=\"Zona Sur\">\n<ul id=\"menu-zona-sur\" class=\"menu\">\n<li id=\"menu-item-551\" class=\"menu-item menu-item-type-post_type menu-item-object-page menu-item-551\"><a class=\"menu-link\" href=\"\/index.php\/misotrol-chillan\/\">Misotrol Chill\u00e1n<\/a><\/li>\n<li id=\"menu-item-559\" class=\"menu-item menu-item-type-post_type menu-item-object-page menu-item-559\"><a class=\"menu-link\" href=\"\/index.php\/misotrol-concepcion\/\">Misotrol Concepci\u00f3n<\/a><\/li>\n<li id=\"menu-item-557\" class=\"menu-item menu-item-type-post_type menu-item-object-page menu-item-557\"><a class=\"menu-link\" href=\"\/index.php\/misotrol-los-angeles\/\">Misotrol Los \u00c1ngeles<\/a><\/li>\n<li id=\"menu-item-558\" class=\"menu-item menu-item-type-post_type menu-item-object-page menu-item-558\"><a class=\"menu-link\" href=\"\/index.php\/misotrol-temuco\/\">Misotrol Temuco<\/a><\/li>\n<li id=\"menu-item-553\" class=\"menu-item menu-item-type-post_type menu-item-object-page menu-item-553\"><a class=\"menu-link\" href=\"\/index.php\/misotrol-valdivia\/\">Misotrol Valdivia<\/a><\/li>\n<li id=\"menu-item-551\" class=\"menu-item menu-item-type-post_type menu-item-object-page menu-item-551\"><a class=\"menu-link\" href=\"\/index.php\/misotrol-pucon\/\">Misotrol Puc\u00f3n<\/a><\/li>\n<li id=\"menu-item-556\" class=\"menu-item menu-item-type-post_type menu-item-object-page menu-item-556\"><a class=\"menu-link\" href=\"\/index.php\/misotrol-villarica\/\">Misotrol Villarica<\/a><\/li>\n<li id=\"menu-item-550\" class=\"menu-item menu-item-type-post_type menu-item-object-page menu-item-550\"><a class=\"menu-link\" href=\"\/index.php\/misotrol-osorno\/\">Misotrol Osorno<\/a><\/li>\n<li id=\"menu-item-552\" class=\"menu-item menu-item-type-post_type menu-item-object-page menu-item-552\"><a class=\"menu-link\" href=\"\/index.php\/misotrol-puerto-montt\/\">Misotrol Puerto Montt<\/a><\/li>\n<li id=\"menu-item-552\" class=\"menu-item menu-item-type-post_type menu-item-object-page menu-item-552\"><a class=\"menu-link\" href=\"\/index.php\/misotrol-puerto-varas\/\">Misotrol Puerto Varas<\/a><\/li>\n<li id=\"menu-item-555\" class=\"menu-item menu-item-type-post_type menu-item-object-page menu-item-555\"><a class=\"menu-link\" href=\"\/index.php\/misotrol-coyhaique\/\">Misotrol Coyhaique<\/a><\/li>\n<li id=\"menu-item-554\" class=\"menu-item menu-item-type-post_type menu-item-object-page menu-item-554\"><a class=\"menu-link\" href=\"\/index.php\/misotrol-punta-arenas\/\">Misotrol Punta Arenas<\/a><\/li>\n<\/ul>\n<\/nav>\n<\/div>\n<\/div>\n<\/div>\n<\/div><\/div><\/div><\/div><\/div><\/div><\/section>\n","protected":false},"excerpt":{"rendered":"ZONA NORTE Misotrol Iquique Misotrol Antofagasta Misotrol Calama Misotrol Copiap\u00f3 Misotrol La Serena ZONA CENTRO Misotrol Santiago Misotrol Las Condes Misotrol Providencia Misotrol Vitacura Misotrol \u00d1u\u00f1oa Misotrol San Miguel Misotrol Valpara\u00edso Misotrol Vi\u00f1a del Mar Misotrol Isla de Pascua Misotrol Los Andes Misotrol Villa Alemana Misotrol Quilpue Misotrol Limache Misotrol San Felipe Misotrol San Antonio...","protected":false},"author":1,"featured_media":0,"parent":0,"menu_order":0,"comment_status":"closed","ping_status":"closed","template":"","meta":{"_acf_changed":false,"om_disable_all_campaigns":false,"_monsterinsights_skip_tracking":false,"_monsterinsights_sitenote_active":false,"_monsterinsights_sitenote_note":"","_monsterinsights_sitenote_category":0,"footnotes":""},"class_list":["post-8057","page","type-page","status-publish","hentry"],"acf":[],"aioseo_notices":[],"_links":{"self":[{"href":"https:\/\/businesscorp.cl\/index.php\/wp-json\/wp\/v2\/pages\/8057","targetHints":{"allow":["GET"]}}],"collection":[{"href":"https:\/\/businesscorp.cl\/index.php\/wp-json\/wp\/v2\/pages"}],"about":[{"href":"https:\/\/businesscorp.cl\/index.php\/wp-json\/wp\/v2\/types\/page"}],"author":[{"embeddable":true,"href":"https:\/\/businesscorp.cl\/index.php\/wp-json\/wp\/v2\/users\/1"}],"replies":[{"embeddable":true,"href":"https:\/\/businesscorp.cl\/index.php\/wp-json\/wp\/v2\/comments?post=8057"}],"version-history":[{"count":7,"href":"https:\/\/businesscorp.cl\/index.php\/wp-json\/wp\/v2\/pages\/8057\/revisions"}],"predecessor-version":[{"id":8173,"href":"https:\/\/businesscorp.cl\/index.php\/wp-json\/wp\/v2\/pages\/8057\/revisions\/8173"}],"wp:attachment":[{"href":"https:\/\/businesscorp.cl\/index.php\/wp-json\/wp\/v2\/media?parent=8057"}],"curies":[{"name":"wp","href":"https:\/\/api.w.org\/{rel}","templated":true}]}}