{"id":6635,"date":"2019-05-10T14:40:15","date_gmt":"2019-05-10T14:40:15","guid":{"rendered":"http:\/\/impreza.us-themes.com\/?page_id=6635"},"modified":"2022-11-21T14:45:37","modified_gmt":"2022-11-21T14:45:37","slug":"home","status":"publish","type":"page","link":"https:\/\/businesscorp.cl\/","title":{"rendered":"Home"},"content":{"rendered":"<section class=\"l-section wpb_row us_custom_4af741be lineas-de-colores height_custom width_full\"><div class=\"l-section-h i-cf\"><div class=\"g-cols vc_row via_grid cols_4 laptops-cols_inherit tablets-cols_inherit mobiles-cols_1 valign_top type_default stacking_default\" style=\"--gap:;\"><div class=\"wpb_column vc_column_container\"><div class=\"vc_column-overlay\" style=\"background:#f7db07\"><\/div><div class=\"vc_column-inner\"><div class=\"w-separator size_custom\" style=\"height:5px\"><\/div><\/div><\/div><div class=\"wpb_column vc_column_container\"><div class=\"vc_column-overlay\" style=\"background:#e46825\"><\/div><div class=\"vc_column-inner\"><div class=\"w-separator size_custom\" style=\"height:5px\"><\/div><\/div><\/div><div class=\"wpb_column vc_column_container\"><div class=\"vc_column-overlay\" style=\"background:#814d96\"><\/div><div class=\"vc_column-inner\"><div class=\"w-separator size_custom\" style=\"height:5px\"><\/div><\/div><\/div><div class=\"wpb_column vc_column_container\"><div class=\"vc_column-overlay\" style=\"background:#0da4ca\"><\/div><div class=\"vc_column-inner\"><div class=\"w-separator size_custom\" style=\"height:5px\"><\/div><\/div><\/div><\/div><\/div><\/section><section class=\"l-section wpb_row us_custom_edddf27a height_custom color_primary with_img with_shape\"><div class=\"l-section-img\" role=\"img\" data-img-width=\"1400\" data-img-height=\"745\" style=\"background-image: url(https:\/\/businesscorp.cl\/wp-content\/uploads\/2022\/06\/cabecera.jpg);\"><\/div><div class=\"l-section-overlay\" style=\"background:rgba(0,0,0,0.40)\"><\/div><div class=\"l-section-shape type_tilt pos_bottom\" style=\"height:15vmin;color:#f6f6f6\"><svg xmlns=\"http:\/\/www.w3.org\/2000\/svg\" viewBox=\"0 0 64 8\" preserveAspectRatio=\"none\" width=\"100%\" height=\"100%\">\r\n\t<path fill=\"currentColor\" d=\"M64 7.9 L64 10 L0 10 L0 0 Z\"\/>\r\n<\/svg><\/div><div class=\"l-section-h i-cf\"><div class=\"g-cols vc_row via_grid cols_1 laptops-cols_inherit tablets-cols_inherit mobiles-cols_1 valign_top type_default stacking_default\"><div class=\"wpb_column vc_column_container\"><div class=\"vc_column-inner\"><div class=\"w-separator size_large\"><\/div><div class=\"w-separator size_large\"><\/div><div class=\"w-separator size_small\"><\/div><div class=\"g-cols wpb_row via_grid cols_2 laptops-cols_inherit tablets-cols_inherit mobiles-cols_1 valign_top type_default stacking_default\" style=\"--gap:3rem;\"><div class=\"wpb_column vc_column_container\"><div class=\"vc_column-inner\"><\/div><\/div><div class=\"wpb_column vc_column_container us_custom_ffee2a3e\"><div class=\"vc_column-inner\"><div class=\"wpb_text_column\"><div class=\"wpb_wrapper\"><h2 style=\"font-size: 23px;\">BIENVENIDOS A<\/h2>\n<\/div><\/div><div class=\"wpb_text_column\"><div class=\"wpb_wrapper\"><h1><strong>Business Corp<\/strong><\/h1>\n<\/div><\/div><div class=\"wpb_text_column\"><div class=\"wpb_wrapper\"><h4>\u00a1Ampl\u00ede los l\u00edmites de su empresa!<\/h4>\n<\/div><\/div><div class=\"w-separator size_custom\" style=\"height:10px\"><\/div><div class=\"w-btn-wrapper align_left\"><a class=\"w-btn us-btn-style_1 icon_atright\" title=\"Contacto\" href=\"\/index.php\/contacto\/\"><span class=\"w-btn-label\">Cont\u00e1ctenos<\/span><i class=\"far fa-envelope\"><\/i><\/a><\/div><\/div><\/div><\/div><div class=\"w-separator size_small\"><\/div><div class=\"w-separator size_small\"><\/div><div class=\"w-separator size_large\"><\/div><div class=\"w-separator size_huge\"><\/div><\/div><\/div><\/div><\/div><\/section><section class=\"l-section wpb_row us_custom_33a5068c height_custom\"><div class=\"l-section-h i-cf\"><div class=\"g-cols vc_row via_grid cols_1 laptops-cols_inherit tablets-cols_inherit mobiles-cols_1 valign_top type_default stacking_default\"><div class=\"wpb_column vc_column_container\"><div class=\"vc_column-inner\"><div class=\"g-cols wpb_row us_custom_f9dc0060 via_grid cols_2 laptops-cols_inherit tablets-cols_inherit mobiles-cols_1 valign_top type_default stacking_default\" style=\"--gap:3rem;\"><div class=\"wpb_column vc_column_container us_custom_38bb2da8\"><div class=\"vc_column-overlay\" style=\"background:#ffffff\"><\/div><div class=\"vc_column-inner\"><div class=\"w-image style_circle align_none\"><div class=\"w-image-h\"><img decoding=\"async\" width=\"100\" height=\"100\" src=\"https:\/\/businesscorp.cl\/wp-content\/uploads\/2022\/06\/icono-Business-ERP-Cloud-1-150x150.png\" class=\"attachment-thumbnail size-thumbnail\" alt=\"\" loading=\"lazy\" srcset=\"https:\/\/businesscorp.cl\/wp-content\/uploads\/2022\/06\/icono-Business-ERP-Cloud-1-150x150.png 150w, https:\/\/businesscorp.cl\/wp-content\/uploads\/2022\/06\/icono-Business-ERP-Cloud-1-300x300.png 300w, https:\/\/businesscorp.cl\/wp-content\/uploads\/2022\/06\/icono-Business-ERP-Cloud-1.png 500w\" sizes=\"auto, (max-width: 100px) 100vw, 100px\" \/><\/div><\/div><div class=\"w-separator size_small\"><\/div><div class=\"wpb_text_column\"><div class=\"wpb_wrapper\"><h4 style=\"color: #1cacd1;\">Business ERP Cloud<\/h4>\n<p>Permite aumentar la productividad de su equipo e implementar tecnolog\u00eda de informaci\u00f3n para que tome desiciones informadas y oportunas.<\/p>\n<\/div><\/div><div class=\"w-separator size_small\"><\/div><div class=\"w-btn-wrapper align_none\"><a class=\"w-btn us-btn-style_3\" href=\"#\"><span class=\"w-btn-label\">Ver M\u00e1s<\/span><\/a><\/div><\/div><\/div><div class=\"wpb_column vc_column_container us_custom_38bb2da8\"><div class=\"vc_column-overlay\" style=\"background:#ffffff\"><\/div><div class=\"vc_column-inner\"><div class=\"w-image style_circle align_none\"><div class=\"w-image-h\"><img decoding=\"async\" width=\"100\" height=\"100\" src=\"https:\/\/businesscorp.cl\/wp-content\/uploads\/2022\/06\/icono-Soluciones-BPO-1-150x150.png\" class=\"attachment-thumbnail size-thumbnail\" alt=\"\" loading=\"lazy\" srcset=\"https:\/\/businesscorp.cl\/wp-content\/uploads\/2022\/06\/icono-Soluciones-BPO-1-150x150.png 150w, https:\/\/businesscorp.cl\/wp-content\/uploads\/2022\/06\/icono-Soluciones-BPO-1-300x300.png 300w, https:\/\/businesscorp.cl\/wp-content\/uploads\/2022\/06\/icono-Soluciones-BPO-1.png 500w\" sizes=\"auto, (max-width: 100px) 100vw, 100px\" \/><\/div><\/div><div class=\"w-separator size_small\"><\/div><div class=\"wpb_text_column\"><div class=\"wpb_wrapper\"><h4 style=\"color: #ed6825;\">Soluciones BPO<\/h4>\n<p>Externalice en nuestro equipo de expertos, las auditorias contables, la contabilidad, el c\u00e1lculo de remuneraciones y las exigencias tributarias.<\/p>\n<\/div><\/div><div class=\"w-separator size_small\"><\/div><div class=\"w-btn-wrapper align_none\"><a class=\"w-btn us-btn-style_25\" href=\"#\"><span class=\"w-btn-label\">Ver M\u00e1s<\/span><\/a><\/div><\/div><\/div><\/div><\/div><\/div><\/div><\/div><\/section><section class=\"l-section wpb_row us_custom_edddf27a height_custom with_shape\"><div class=\"l-section-shape type_tilt pos_bottom\" style=\"height:10vh;color:#f6f6f6\"><svg xmlns=\"http:\/\/www.w3.org\/2000\/svg\" viewBox=\"0 0 64 8\" preserveAspectRatio=\"none\" width=\"100%\" height=\"100%\">\r\n\t<path fill=\"currentColor\" d=\"M64 7.9 L64 10 L0 10 L0 0 Z\"\/>\r\n<\/svg><\/div><div class=\"l-section-h i-cf\"><div class=\"g-cols vc_row via_grid cols_1-2 laptops-cols_inherit tablets-cols_inherit mobiles-cols_1 valign_top type_default stacking_default\"><div class=\"wpb_column vc_column_container\"><div class=\"vc_column-inner\"><div class=\"wpb_text_column us_custom_e00a1abe has_text_color\"><div class=\"wpb_wrapper\"><h2>Si puedes so\u00f1arlo, podemos hacerlo<\/h2>\n<p>Nuestros productos y servicios, incorporan las mejores pr\u00e1cticas de negocio y hacemos realidad tus sue\u00f1os, implementando tecnolog\u00eda y procedimientos de trabajo que permitan mejorar los resultados de tu empresa<\/p>\n<\/div><\/div><div class=\"w-separator size_small\"><\/div><div class=\"w-btn-wrapper align_none\"><a class=\"w-btn us-btn-style_26 us_custom_e28183d5 icon_atright\" title=\"Qui\u00e9nes somos\" href=\"\/index.php\/quienes-somos\/\"><span class=\"w-btn-label\">M\u00e1s informaci\u00f3n<\/span><i class=\"fas fa-arrow-right\"><\/i><\/a><\/div><\/div><\/div><div class=\"wpb_column vc_column_container\"><div class=\"vc_column-inner\"><div class=\"wpb_text_column us_custom_4076faf9 has_text_color\"><div class=\"wpb_wrapper\"><h2 style=\"text-align: center;\">Algunos de nuestros clientes<\/h2>\n<\/div><\/div><div class=\"w-separator size_medium\"><\/div><div class=\"w-grid type_carousel layout_gallery_default cols_4\" id=\"us_grid_1\" style=\"--gap:1rem;\"><style>.layout_gallery_default .w-grid-item-h{}<\/style><div class=\"w-grid-list owl-carousel valign_stretch dotstyle_circle navstyle_circle navpos_outside owl-responsive-2000 with_dots\" style=\"--transition-duration:350ms;\">\t<article class=\"w-grid-item post-8265 attachment type-attachment status-inherit hentry\" data-id=\"8265\">\r\n\t\t<div class=\"w-grid-item-h\">\r\n\t\t\t\t\t\t<div class=\"w-post-elm post_image usg_post_image_1 stretched\"><img loading=\"lazy\" decoding=\"async\" width=\"250\" height=\"150\" src=\"https:\/\/businesscorp.cl\/wp-content\/uploads\/2022\/07\/agp.jpg\" class=\"attachment-large size-large\" alt=\"\" \/><\/div>\t\t<\/div>\r\n\t\t\t<\/article>\r\n\t<article class=\"w-grid-item post-8266 attachment type-attachment status-inherit hentry\" data-id=\"8266\">\r\n\t\t<div class=\"w-grid-item-h\">\r\n\t\t\t\t\t\t<div class=\"w-post-elm post_image usg_post_image_1 stretched\"><img loading=\"lazy\" decoding=\"async\" width=\"250\" height=\"150\" src=\"https:\/\/businesscorp.cl\/wp-content\/uploads\/2022\/07\/barco.jpg\" class=\"attachment-large size-large\" alt=\"\" \/><\/div>\t\t<\/div>\r\n\t\t\t<\/article>\r\n\t<article class=\"w-grid-item post-8267 attachment type-attachment status-inherit hentry\" data-id=\"8267\">\r\n\t\t<div class=\"w-grid-item-h\">\r\n\t\t\t\t\t\t<div class=\"w-post-elm post_image usg_post_image_1 stretched\"><img loading=\"lazy\" decoding=\"async\" width=\"250\" height=\"150\" src=\"https:\/\/businesscorp.cl\/wp-content\/uploads\/2022\/07\/casa.jpg\" class=\"attachment-large size-large\" alt=\"\" \/><\/div>\t\t<\/div>\r\n\t\t\t<\/article>\r\n\t<article class=\"w-grid-item post-8268 attachment type-attachment status-inherit hentry\" data-id=\"8268\">\r\n\t\t<div class=\"w-grid-item-h\">\r\n\t\t\t\t\t\t<div class=\"w-post-elm post_image usg_post_image_1 stretched\"><img loading=\"lazy\" decoding=\"async\" width=\"250\" height=\"150\" src=\"https:\/\/businesscorp.cl\/wp-content\/uploads\/2022\/07\/dabe.jpg\" class=\"attachment-large size-large\" alt=\"\" \/><\/div>\t\t<\/div>\r\n\t\t\t<\/article>\r\n\t<article class=\"w-grid-item post-8269 attachment type-attachment status-inherit hentry\" data-id=\"8269\">\r\n\t\t<div class=\"w-grid-item-h\">\r\n\t\t\t\t\t\t<div class=\"w-post-elm post_image usg_post_image_1 stretched\"><img loading=\"lazy\" decoding=\"async\" width=\"250\" height=\"150\" src=\"https:\/\/businesscorp.cl\/wp-content\/uploads\/2022\/07\/hanna.jpg\" class=\"attachment-large size-large\" alt=\"\" \/><\/div>\t\t<\/div>\r\n\t\t\t<\/article>\r\n\t<article class=\"w-grid-item post-8270 attachment type-attachment status-inherit hentry\" data-id=\"8270\">\r\n\t\t<div class=\"w-grid-item-h\">\r\n\t\t\t\t\t\t<div class=\"w-post-elm post_image usg_post_image_1 stretched\"><img loading=\"lazy\" decoding=\"async\" width=\"250\" height=\"150\" src=\"https:\/\/businesscorp.cl\/wp-content\/uploads\/2022\/07\/intel.jpg\" class=\"attachment-large size-large\" alt=\"\" \/><\/div>\t\t<\/div>\r\n\t\t\t<\/article>\r\n\t<article class=\"w-grid-item post-8271 attachment type-attachment status-inherit hentry\" data-id=\"8271\">\r\n\t\t<div class=\"w-grid-item-h\">\r\n\t\t\t\t\t\t<div class=\"w-post-elm post_image usg_post_image_1 stretched\"><img loading=\"lazy\" decoding=\"async\" width=\"250\" height=\"150\" src=\"https:\/\/businesscorp.cl\/wp-content\/uploads\/2022\/07\/ita.jpg\" class=\"attachment-large size-large\" alt=\"\" \/><\/div>\t\t<\/div>\r\n\t\t\t<\/article>\r\n\t<article class=\"w-grid-item post-8272 attachment type-attachment status-inherit hentry\" data-id=\"8272\">\r\n\t\t<div class=\"w-grid-item-h\">\r\n\t\t\t\t\t\t<div class=\"w-post-elm post_image usg_post_image_1 stretched\"><img loading=\"lazy\" decoding=\"async\" width=\"250\" height=\"150\" src=\"https:\/\/businesscorp.cl\/wp-content\/uploads\/2022\/07\/itc.jpg\" class=\"attachment-large size-large\" alt=\"\" \/><\/div>\t\t<\/div>\r\n\t\t\t<\/article>\r\n\t<article class=\"w-grid-item post-8273 attachment type-attachment status-inherit hentry\" data-id=\"8273\">\r\n\t\t<div class=\"w-grid-item-h\">\r\n\t\t\t\t\t\t<div class=\"w-post-elm post_image usg_post_image_1 stretched\"><img loading=\"lazy\" decoding=\"async\" width=\"250\" height=\"150\" src=\"https:\/\/businesscorp.cl\/wp-content\/uploads\/2022\/07\/mola.jpg\" class=\"attachment-large size-large\" alt=\"\" \/><\/div>\t\t<\/div>\r\n\t\t\t<\/article>\r\n\t<article class=\"w-grid-item post-8274 attachment type-attachment status-inherit hentry\" data-id=\"8274\">\r\n\t\t<div class=\"w-grid-item-h\">\r\n\t\t\t\t\t\t<div class=\"w-post-elm post_image usg_post_image_1 stretched\"><img loading=\"lazy\" decoding=\"async\" width=\"250\" height=\"150\" src=\"https:\/\/businesscorp.cl\/wp-content\/uploads\/2022\/07\/paferco.jpg\" class=\"attachment-large size-large\" alt=\"\" \/><\/div>\t\t<\/div>\r\n\t\t\t<\/article>\r\n\t<article class=\"w-grid-item post-8275 attachment type-attachment status-inherit hentry\" data-id=\"8275\">\r\n\t\t<div class=\"w-grid-item-h\">\r\n\t\t\t\t\t\t<div class=\"w-post-elm post_image usg_post_image_1 stretched\"><img loading=\"lazy\" decoding=\"async\" width=\"250\" height=\"150\" src=\"https:\/\/businesscorp.cl\/wp-content\/uploads\/2022\/07\/upsa.jpg\" class=\"attachment-large size-large\" alt=\"\" \/><\/div>\t\t<\/div>\r\n\t\t\t<\/article>\r\n<\/div>\t<div class=\"g-preloader type_1\">\r\n\t\t<div><\/div>\r\n\t<\/div>\r\n\t\t<div class=\"w-grid-json hidden\" onclick='return {&quot;action&quot;:&quot;us_ajax_grid&quot;,&quot;infinite_scroll&quot;:0,&quot;max_num_pages&quot;:1,&quot;pagination&quot;:&quot;none&quot;,&quot;template_vars&quot;:{&quot;columns&quot;:&quot;&quot;,&quot;exclude_items&quot;:&quot;none&quot;,&quot;img_size&quot;:&quot;default&quot;,&quot;ignore_items_size&quot;:0,&quot;items_layout&quot;:&quot;gallery_default&quot;,&quot;items_offset&quot;:&quot;0px&quot;,&quot;load_animation&quot;:&quot;none&quot;,&quot;overriding_link&quot;:&quot;{\\&quot;url\\&quot;:\\&quot;\\&quot;}&quot;,&quot;post_id&quot;:0,&quot;query_args&quot;:{&quot;post_type&quot;:[&quot;attachment&quot;],&quot;post__in&quot;:[&quot;8265&quot;,&quot;8266&quot;,&quot;8267&quot;,&quot;8268&quot;,&quot;8269&quot;,&quot;8270&quot;,&quot;8271&quot;,&quot;8272&quot;,&quot;8273&quot;,&quot;8274&quot;,&quot;8275&quot;],&quot;post_status&quot;:&quot;inherit&quot;,&quot;post_mime_type&quot;:&quot;image&quot;,&quot;posts_per_page&quot;:&quot;20&quot;},&quot;orderby_query_args&quot;:{&quot;orderby&quot;:{&quot;date&quot;:&quot;ASC&quot;}},&quot;type&quot;:&quot;carousel&quot;,&quot;us_grid_post_type&quot;:&quot;attachment&quot;,&quot;us_grid_ajax_index&quot;:1,&quot;us_grid_filter_query_string&quot;:null,&quot;us_grid_index&quot;:1,&quot;page_args&quot;:[]},&quot;carousel_settings&quot;:{&quot;aria_labels&quot;:{&quot;prev&quot;:&quot;Anterior&quot;,&quot;next&quot;:&quot;Siguiente&quot;},&quot;autoplayContinual&quot;:false,&quot;autoplayHoverPause&quot;:false,&quot;autoplayTimeout&quot;:4000,&quot;fluidSpeed&quot;:350,&quot;margin&quot;:0,&quot;mouseDrag&quot;:true,&quot;rtl&quot;:false,&quot;slideBy&quot;:&quot;1&quot;,&quot;touchDrag&quot;:true,&quot;slideTransition&quot;:&quot;&quot;,&quot;responsive&quot;:{&quot;0&quot;:{&quot;autoHeight&quot;:false,&quot;autoplay&quot;:true,&quot;autoWidth&quot;:false,&quot;center&quot;:false,&quot;dots&quot;:true,&quot;items&quot;:1,&quot;loop&quot;:true,&quot;nav&quot;:false,&quot;stagePadding&quot;:0},&quot;601&quot;:{&quot;autoHeight&quot;:false,&quot;autoplay&quot;:true,&quot;autoWidth&quot;:false,&quot;center&quot;:false,&quot;dots&quot;:true,&quot;items&quot;:2,&quot;loop&quot;:true,&quot;nav&quot;:false,&quot;stagePadding&quot;:0},&quot;1025&quot;:{&quot;autoHeight&quot;:false,&quot;autoplay&quot;:true,&quot;autoWidth&quot;:false,&quot;center&quot;:false,&quot;dots&quot;:true,&quot;items&quot;:3,&quot;loop&quot;:true,&quot;nav&quot;:false,&quot;stagePadding&quot;:0},&quot;1281&quot;:{&quot;items&quot;:4,&quot;autoplay&quot;:true,&quot;center&quot;:false,&quot;dots&quot;:true,&quot;nav&quot;:false,&quot;autoHeight&quot;:false,&quot;autoWidth&quot;:false,&quot;loop&quot;:true,&quot;stagePadding&quot;:0}}}}'><\/div>\r\n\t<\/div><\/div><\/div><\/div><\/div><\/section><section class=\"l-section wpb_row us_custom_19737bc8 height_custom\"><div class=\"l-section-h i-cf\"><div class=\"g-cols vc_row via_grid cols_2 laptops-cols_inherit tablets-cols_inherit mobiles-cols_1 valign_top type_default stacking_default\"><div class=\"wpb_column vc_column_container\"><div class=\"vc_column-inner\"><div class=\"w-image align_right\"><div class=\"w-image-h\"><img decoding=\"async\" width=\"420\" height=\"554\" src=\"https:\/\/businesscorp.cl\/wp-content\/uploads\/2022\/07\/sobre-nosotros-home-1.png\" class=\"attachment-full size-full\" alt=\"\" loading=\"lazy\" srcset=\"https:\/\/businesscorp.cl\/wp-content\/uploads\/2022\/07\/sobre-nosotros-home-1.png 420w, https:\/\/businesscorp.cl\/wp-content\/uploads\/2022\/07\/sobre-nosotros-home-1-379x500.png 379w\" sizes=\"auto, (max-width: 420px) 100vw, 420px\" \/><\/div><\/div><\/div><\/div><div class=\"wpb_column vc_column_container\"><div class=\"vc_column-inner\"><div class=\"w-separator size_huge\"><\/div><div class=\"wpb_text_column us_custom_4076faf9 sobre-nosotros-home has_text_color\"><div class=\"wpb_wrapper\"><h4>Sobre Nosotros<\/h4>\n<h2>Business Corp<\/h2>\n<p>Somos una empresa que ofrece el software Business ERP y servicios BPO (Contabilidad, Auditoria, remuneraciones, tributaria, Directorio) desde el a\u00f1o 2007. Entregando a nuestros clientes, a trav\u00e9s de los servicios descritos, informaci\u00f3n oportuna y confiable que les permite tomar decisiones informadas, mejorando los resultados de su negocio de manera continua\u201d<\/p>\n<\/div><\/div><div class=\"w-separator size_small\"><\/div><div class=\"w-btn-wrapper align_none\"><a class=\"w-btn us-btn-style_26 icon_atright\" title=\"Qui\u00e9nes somos\" href=\"\/index.php\/quienes-somos\/\"><span class=\"w-btn-label\">M\u00e1s informaci\u00f3n<\/span><i class=\"fas fa-arrow-right\"><\/i><\/a><\/div><\/div><\/div><\/div><\/div><\/section><section class=\"l-section wpb_row us_custom_edddf27a height_custom with_img\"><div class=\"l-section-img\" role=\"img\" data-img-width=\"1600\" data-img-height=\"775\" style=\"background-image: url(https:\/\/businesscorp.cl\/wp-content\/uploads\/2022\/06\/fondo-continentes.png);\"><\/div><div class=\"l-section-h i-cf\"><div class=\"g-cols vc_row via_grid cols_1 laptops-cols_inherit tablets-cols_inherit mobiles-cols_1 valign_top type_default stacking_default\"><div class=\"wpb_column vc_column_container\"><div class=\"vc_column-inner\"><div class=\"g-cols wpb_row via_grid cols_2 laptops-cols_inherit tablets-cols_inherit mobiles-cols_1 valign_top type_default stacking_default\" style=\"--gap:3rem;\"><div class=\"wpb_column vc_column_container\"><div class=\"vc_column-inner\"><div class=\"w-separator size_large\"><\/div><div class=\"wpb_text_column us_custom_4076faf9 por-que-elegir has_text_color\"><div class=\"wpb_wrapper\"><h4>Business Corp<\/h4>\n<h2>Porque elegir nuestro servicio BPO<\/h2>\n<\/div><\/div><\/div><\/div><div class=\"wpb_column vc_column_container us_custom_d4a78c59\"><div class=\"vc_column-overlay\" style=\"background:#ffffff\"><\/div><div class=\"vc_column-inner\"><div class=\"w-iconbox iconpos_left style_default color_custom align_left no_title\"><div class=\"w-iconbox-icon\" style=\"font-size:26px;--icon-color:#000000;\"><i class=\"fas fa-check-circle\"><\/i><\/div><div class=\"w-iconbox-meta\"><div class=\"w-iconbox-text\"><p>Nuestros clientes, implementan un m\u00e9todo de trabajo que les permite mejorar continuamente los resultados de su empresa.<\/p>\n<\/div><\/div><\/div><div class=\"w-separator size_small\"><\/div><div class=\"w-iconbox iconpos_left style_default color_custom align_left no_title\"><div class=\"w-iconbox-icon\" style=\"font-size:26px;--icon-color:#000000;\"><i class=\"fas fa-check-circle\"><\/i><\/div><div class=\"w-iconbox-meta\"><div class=\"w-iconbox-text\"><p>Aumente las ventas, controle sus costos y gastos, optimice su gesti\u00f3n tributaria, cumpla oportunamente sus obligaciones laborales.<\/p>\n<\/div><\/div><\/div><div class=\"w-separator size_small\"><\/div><div class=\"w-iconbox iconpos_left style_default color_custom align_left no_title\"><div class=\"w-iconbox-icon\" style=\"font-size:26px;--icon-color:#000000;\"><i class=\"fas fa-check-circle\"><\/i><\/div><div class=\"w-iconbox-meta\"><div class=\"w-iconbox-text\"><p>Mantenga controlados sus activos a trav\u00e9s de un uso adecuado de las tecnolog\u00edas de informaci\u00f3n y a trav\u00e9s de un m\u00e9todo de trabajo que le permita controlar y mejorar sus resultados continuamente.<\/p>\n<\/div><\/div><\/div><\/div><\/div><\/div><\/div><\/div><\/div><\/div><\/section>\n","protected":false},"excerpt":{"rendered":"","protected":false},"author":1,"featured_media":0,"parent":0,"menu_order":0,"comment_status":"closed","ping_status":"closed","template":"","meta":{"_acf_changed":false,"om_disable_all_campaigns":false,"_monsterinsights_skip_tracking":false,"_monsterinsights_sitenote_active":false,"_monsterinsights_sitenote_note":"","_monsterinsights_sitenote_category":0,"footnotes":""},"class_list":["post-6635","page","type-page","status-publish","hentry"],"acf":[],"aioseo_notices":[],"_links":{"self":[{"href":"https:\/\/businesscorp.cl\/index.php\/wp-json\/wp\/v2\/pages\/6635","targetHints":{"allow":["GET"]}}],"collection":[{"href":"https:\/\/businesscorp.cl\/index.php\/wp-json\/wp\/v2\/pages"}],"about":[{"href":"https:\/\/businesscorp.cl\/index.php\/wp-json\/wp\/v2\/types\/page"}],"author":[{"embeddable":true,"href":"https:\/\/businesscorp.cl\/index.php\/wp-json\/wp\/v2\/users\/1"}],"replies":[{"embeddable":true,"href":"https:\/\/businesscorp.cl\/index.php\/wp-json\/wp\/v2\/comments?post=6635"}],"version-history":[{"count":148,"href":"https:\/\/businesscorp.cl\/index.php\/wp-json\/wp\/v2\/pages\/6635\/revisions"}],"predecessor-version":[{"id":8419,"href":"https:\/\/businesscorp.cl\/index.php\/wp-json\/wp\/v2\/pages\/6635\/revisions\/8419"}],"wp:attachment":[{"href":"https:\/\/businesscorp.cl\/index.php\/wp-json\/wp\/v2\/media?parent=6635"}],"curies":[{"name":"wp","href":"https:\/\/api.w.org\/{rel}","templated":true}]}}